{"id":37,"date":"2026-02-21T11:24:57","date_gmt":"2026-02-21T11:24:57","guid":{"rendered":"https:\/\/mieszkania-zbrowskiego.pl\/?page_id=37"},"modified":"2026-02-21T11:24:57","modified_gmt":"2026-02-21T11:24:57","slug":"o-blogu","status":"publish","type":"page","link":"https:\/\/mieszkania-zbrowskiego.pl\/?page_id=37","title":{"rendered":"O blogu"},"content":{"rendered":"\n<p><strong>\u201eLogistyczny Kompas\u201d<\/strong> to przestrze\u0144 po\u015bwi\u0119cona nowoczesnej logistyce kontraktowej oraz \u0142a\u0144cuchom dostaw. Blog powsta\u0142 z potrzeby pokazania, \u017ce logistyka jest krwiobiegiem gospodarki &#8211; \u0142\u0105czy producent\u00f3w, magazyny, transport i klient\u00f3w ko\u0144cowych w jeden sp\u00f3jny system.<\/p>\n\n\n\n<p>Na blogu znajdziesz:<\/p>\n\n\n\n<ul class=\"wp-block-list\">\n<li> wyja\u015bnienia dotycz\u0105ce magazyn\u00f3w logistycznych<\/li>\n\n\n\n<li> analizy operacji prze\u0142adunkowych<\/li>\n\n\n\n<li> praktyczne om\u00f3wienia fulfillmentu e-commerce<\/li>\n\n\n\n<li> rol\u0119 co-packingu w sprzeda\u017cy i marketingu<\/li>\n\n\n\n<li> wp\u0142yw elastycznego sk\u0142adowania na rozw\u00f3j biznesu<\/li>\n<\/ul>\n\n\n\n<p>\u0141\u0105cz\u0119 spojrzenie strategiczne z operacyjnym. Pokazuj\u0119, jak technologia, automatyzacja i dobra koordynacja proces\u00f3w wp\u0142ywaj\u0105 na czas dostawy, koszty oraz do\u015bwiadczenie klienta.<\/p>\n\n\n\n<p>To blog dla przedsi\u0119biorc\u00f3w, manager\u00f3w i wszystkich, kt\u00f3rzy chc\u0105 lepiej zrozumie\u0107 mechanizmy wsp\u00f3\u0142czesnego \u0142a\u0144cucha dostaw &#8211; i wykorzysta\u0107 je w praktyce.<\/p>\n","protected":false},"excerpt":{"rendered":"<p>\u201eLogistyczny Kompas\u201d to przestrze\u0144 po\u015bwi\u0119cona nowoczesnej logistyce kontraktowej oraz \u0142a\u0144cuchom dostaw. Blog powsta\u0142 z potrzeby pokazania, \u017ce logistyka jest krwiobiegiem gospodarki &#8211; \u0142\u0105czy producent\u00f3w, magazyny, transport i klient\u00f3w ko\u0144cowych w jeden sp\u00f3jny system. Na blogu znajdziesz: \u0141\u0105cz\u0119 spojrzenie strategiczne z operacyjnym. Pokazuj\u0119, jak technologia, automatyzacja i dobra koordynacja proces\u00f3w wp\u0142ywaj\u0105 na czas dostawy, koszty oraz [&hellip;]<\/p>\n","protected":false},"author":1,"featured_media":0,"parent":0,"menu_order":0,"comment_status":"closed","ping_status":"closed","template":"","meta":{"footnotes":""},"class_list":["post-37","page","type-page","status-publish","hentry"],"_links":{"self":[{"href":"https:\/\/mieszkania-zbrowskiego.pl\/index.php?rest_route=\/wp\/v2\/pages\/37","targetHints":{"allow":["GET"]}}],"collection":[{"href":"https:\/\/mieszkania-zbrowskiego.pl\/index.php?rest_route=\/wp\/v2\/pages"}],"about":[{"href":"https:\/\/mieszkania-zbrowskiego.pl\/index.php?rest_route=\/wp\/v2\/types\/page"}],"author":[{"embeddable":true,"href":"https:\/\/mieszkania-zbrowskiego.pl\/index.php?rest_route=\/wp\/v2\/users\/1"}],"replies":[{"embeddable":true,"href":"https:\/\/mieszkania-zbrowskiego.pl\/index.php?rest_route=%2Fwp%2Fv2%2Fcomments&post=37"}],"version-history":[{"count":1,"href":"https:\/\/mieszkania-zbrowskiego.pl\/index.php?rest_route=\/wp\/v2\/pages\/37\/revisions"}],"predecessor-version":[{"id":38,"href":"https:\/\/mieszkania-zbrowskiego.pl\/index.php?rest_route=\/wp\/v2\/pages\/37\/revisions\/38"}],"wp:attachment":[{"href":"https:\/\/mieszkania-zbrowskiego.pl\/index.php?rest_route=%2Fwp%2Fv2%2Fmedia&parent=37"}],"curies":[{"name":"wp","href":"https:\/\/api.w.org\/{rel}","templated":true}]}}